{"id":1368,"date":"2019-04-10T16:02:22","date_gmt":"2019-04-10T14:02:22","guid":{"rendered":"http:\/\/tellus-ing.com\/?page_id=1368"},"modified":"2024-04-22T11:11:08","modified_gmt":"2024-04-22T09:11:08","slug":"bureau-detude","status":"publish","type":"page","link":"https:\/\/tellus-ceram.com\/en\/bureau-detude\/","title":{"rendered":"Design department"},"content":{"rendered":"<div data-elementor-type=\"wp-post\" data-elementor-id=\"1368\" class=\"elementor elementor-1368\" data-elementor-settings=\"{&quot;ha_cmc_init_switcher&quot;:&quot;no&quot;}\">\n\t\t\t\t\t\t<section class=\"elementor-section elementor-top-section elementor-element elementor-element-0c28880 elementor-section-boxed elementor-section-height-default elementor-section-height-default\" data-id=\"0c28880\" data-element_type=\"section\" data-settings=\"{&quot;_ha_eqh_enable&quot;:false}\">\n\t\t\t\t\t\t<div class=\"elementor-container elementor-column-gap-default\">\n\t\t\t\t\t<div class=\"elementor-column elementor-col-100 elementor-top-column elementor-element elementor-element-4ec034d\" data-id=\"4ec034d\" data-element_type=\"column\">\n\t\t\t<div class=\"elementor-widget-wrap elementor-element-populated\">\n\t\t\t\t\t\t<div class=\"elementor-element elementor-element-1f2fe47 elementor-widget elementor-widget-spacer\" data-id=\"1f2fe47\" data-element_type=\"widget\" data-widget_type=\"spacer.default\">\n\t\t\t\t<div class=\"elementor-widget-container\">\n\t\t\t\t\t\t\t<div class=\"elementor-spacer\">\n\t\t\t<div class=\"elementor-spacer-inner\"><\/div>\n\t\t<\/div>\n\t\t\t\t\t\t<\/div>\n\t\t\t\t<\/div>\n\t\t\t\t<div class=\"elementor-element elementor-element-636c61d elementor-widget elementor-widget-heading\" data-id=\"636c61d\" data-element_type=\"widget\" data-widget_type=\"heading.default\">\n\t\t\t\t<div class=\"elementor-widget-container\">\n\t\t\t\t\t<h2 class=\"elementor-heading-title elementor-size-default\">Our design department<\/h2>\t\t\t\t<\/div>\n\t\t\t\t<\/div>\n\t\t\t\t<div class=\"elementor-element elementor-element-0b88b00 elementor-widget elementor-widget-spacer\" data-id=\"0b88b00\" data-element_type=\"widget\" data-widget_type=\"spacer.default\">\n\t\t\t\t<div class=\"elementor-widget-container\">\n\t\t\t\t\t\t\t<div class=\"elementor-spacer\">\n\t\t\t<div class=\"elementor-spacer-inner\"><\/div>\n\t\t<\/div>\n\t\t\t\t\t\t<\/div>\n\t\t\t\t<\/div>\n\t\t\t\t<section class=\"elementor-section elementor-inner-section elementor-element elementor-element-cf15b9f elementor-section-boxed elementor-section-height-default elementor-section-height-default\" data-id=\"cf15b9f\" data-element_type=\"section\" data-settings=\"{&quot;_ha_eqh_enable&quot;:false}\">\n\t\t\t\t\t\t<div class=\"elementor-container elementor-column-gap-wider\">\n\t\t\t\t\t<div class=\"elementor-column elementor-col-50 elementor-inner-column elementor-element elementor-element-c1419d3\" data-id=\"c1419d3\" data-element_type=\"column\">\n\t\t\t<div class=\"elementor-widget-wrap elementor-element-populated\">\n\t\t\t\t\t\t<div class=\"elementor-element elementor-element-9130d44 elementor-widget elementor-widget-text-editor\" data-id=\"9130d44\" data-element_type=\"widget\" data-widget_type=\"text-editor.default\">\n\t\t\t\t<div class=\"elementor-widget-container\">\n\t\t\t\t\t\t\t\t\t<p style=\"color: #1c5a9f;\">Our design department, a support to your project...<\/p><p>Our know-how inherited from a very long experience is the conception of the precast shapes, especially the DRILOK System, ensures us to offer you a support in the conception of your project.<\/p><p>Moreover, we are ready to move directly on site to identify the solution to your needs, and assist you in your approach.<\/p><p>\u00a0<\/p><p style=\"color: #1c5a9f;\">With the monitoring of the production process and the expertise of the finished product ; the quality is guaranteed.<\/p><p>Confidence is built step by step. That\u2019s why we put in place a policy of meticulous quality monitoring with a complete traceability from the raw material choice to the palletization.<\/p><p>We can check qualities of our products by following specifications along the production process.<\/p>\t\t\t\t\t\t\t\t<\/div>\n\t\t\t\t<\/div>\n\t\t\t\t\t<\/div>\n\t\t<\/div>\n\t\t\t\t<div class=\"elementor-column elementor-col-50 elementor-inner-column elementor-element elementor-element-f68e12d\" data-id=\"f68e12d\" data-element_type=\"column\">\n\t\t\t<div class=\"elementor-widget-wrap elementor-element-populated\">\n\t\t\t\t\t\t<div class=\"elementor-element elementor-element-564dcd0 elementor-widget elementor-widget-text-editor\" data-id=\"564dcd0\" data-element_type=\"widget\" data-widget_type=\"text-editor.default\">\n\t\t\t\t<div class=\"elementor-widget-container\">\n\t\t\t\t\t\t\t\t\t<p style=\"color: #1c5a9f;\">Energy savings and our commitment to the environment<\/p><p>Our Research and Development team brings you the best solutions to get an important energy saving in the use of our products.<\/p><p>Our environment policy is to reduce as much as possible the ecological impact of our activity on the environment.\nThat\u2019s why we have developed the almost-complete recycling of our production waste.<\/p><p>And we get involved in a saving energy program, by providing our kilns with the new latest management robots and with the recovery of the heat.<\/p><p>In addition, we go further in our commitment in favour of the renewable energy by buying \u201cgreen\u201d electricity (contract \u201cEquilibre\u201d with EDF) and by using the sawdust in addition to the firing energy.<\/p><p>Tellus Ceram has integrated the sustainable\ndevelopment by acting in the social, environment and economic fields.<\/p>\t\t\t\t\t\t\t\t<\/div>\n\t\t\t\t<\/div>\n\t\t\t\t\t<\/div>\n\t\t<\/div>\n\t\t\t\t\t<\/div>\n\t\t<\/section>\n\t\t\t\t<div class=\"elementor-element elementor-element-9a200a2 elementor-widget elementor-widget-spacer\" data-id=\"9a200a2\" data-element_type=\"widget\" data-widget_type=\"spacer.default\">\n\t\t\t\t<div class=\"elementor-widget-container\">\n\t\t\t\t\t\t\t<div class=\"elementor-spacer\">\n\t\t\t<div class=\"elementor-spacer-inner\"><\/div>\n\t\t<\/div>\n\t\t\t\t\t\t<\/div>\n\t\t\t\t<\/div>\n\t\t\t\t<div class=\"elementor-element elementor-element-00a9599 elementor-arrows-position-inside elementor-widget elementor-widget-image-carousel\" data-id=\"00a9599\" data-element_type=\"widget\" data-settings=\"{&quot;slides_to_show&quot;:&quot;1&quot;,&quot;navigation&quot;:&quot;arrows&quot;,&quot;autoplay_speed&quot;:2000,&quot;autoplay&quot;:&quot;yes&quot;,&quot;pause_on_hover&quot;:&quot;yes&quot;,&quot;pause_on_interaction&quot;:&quot;yes&quot;,&quot;infinite&quot;:&quot;yes&quot;,&quot;effect&quot;:&quot;slide&quot;,&quot;speed&quot;:500}\" data-widget_type=\"image-carousel.default\">\n\t\t\t\t<div class=\"elementor-widget-container\">\n\t\t\t\t\t\t\t<div class=\"elementor-image-carousel-wrapper swiper\" role=\"region\" aria-roledescription=\"carousel\" aria-label=\"Carrousel d\u2019images\" dir=\"ltr\">\n\t\t\t<div class=\"elementor-image-carousel swiper-wrapper\" aria-live=\"off\">\n\t\t\t\t\t\t\t\t<div class=\"swiper-slide\" role=\"group\" aria-roledescription=\"slide\" aria-label=\"1 sur 3\"><figure class=\"swiper-slide-inner\"><img decoding=\"async\" class=\"swiper-slide-image\" src=\"https:\/\/tellus-ceram.com\/wp-content\/uploads\/elementor\/thumbs\/Tellus-Ceram-1-o69ic62cfsd2k5jmqhs5001nj60vixdn98lcljfiew.jpg\" alt=\"Pr\u00e9montage d&#039;une sole verri\u00e8re\" \/><\/figure><\/div><div class=\"swiper-slide\" role=\"group\" aria-roledescription=\"slide\" aria-label=\"2 sur 3\"><figure class=\"swiper-slide-inner\"><img decoding=\"async\" class=\"swiper-slide-image\" src=\"https:\/\/tellus-ceram.com\/wp-content\/uploads\/elementor\/thumbs\/SNC10008-e1555074409771-o69igluwpmftdv3iteuprvq0io59vh00j7hw6kul3m.jpg\" alt=\"Pr\u00e9montage d&#039;une sole verri\u00e8re\" \/><\/figure><\/div><div class=\"swiper-slide\" role=\"group\" aria-roledescription=\"slide\" aria-label=\"3 sur 3\"><figure class=\"swiper-slide-inner\"><img decoding=\"async\" class=\"swiper-slide-image\" src=\"https:\/\/tellus-ceram.com\/wp-content\/uploads\/elementor\/thumbs\/DCP_0003-o69ia0zkvdfk44nl8kgqbjhutkkrzqvnmn3j8ulsle.jpg\" alt=\"Pr\u00e9montage d&#039;un cubillot\" \/><\/figure><\/div>\t\t\t<\/div>\n\t\t\t\t\t\t\t\t\t\t\t\t<div class=\"elementor-swiper-button elementor-swiper-button-prev\" role=\"button\" tabindex=\"0\">\n\t\t\t\t\t\t<i aria-hidden=\"true\" class=\"eicon-chevron-left\"><\/i>\t\t\t\t\t<\/div>\n\t\t\t\t\t<div class=\"elementor-swiper-button elementor-swiper-button-next\" role=\"button\" tabindex=\"0\">\n\t\t\t\t\t\t<i aria-hidden=\"true\" class=\"eicon-chevron-right\"><\/i>\t\t\t\t\t<\/div>\n\t\t\t\t\n\t\t\t\t\t\t\t\t\t<\/div>\n\t\t\t\t\t\t<\/div>\n\t\t\t\t<\/div>\n\t\t\t\t<div class=\"elementor-element elementor-element-618a44a elementor-widget elementor-widget-spacer\" data-id=\"618a44a\" data-element_type=\"widget\" data-widget_type=\"spacer.default\">\n\t\t\t\t<div class=\"elementor-widget-container\">\n\t\t\t\t\t\t\t<div class=\"elementor-spacer\">\n\t\t\t<div class=\"elementor-spacer-inner\"><\/div>\n\t\t<\/div>\n\t\t\t\t\t\t<\/div>\n\t\t\t\t<\/div>\n\t\t\t\t\t<\/div>\n\t\t<\/div>\n\t\t\t\t\t<\/div>\n\t\t<\/section>\n\t\t\t\t<section class=\"elementor-section elementor-top-section elementor-element elementor-element-65b9a9e elementor-section-boxed elementor-section-height-default elementor-section-height-default\" data-id=\"65b9a9e\" data-element_type=\"section\" data-settings=\"{&quot;background_background&quot;:&quot;classic&quot;,&quot;_ha_eqh_enable&quot;:false}\">\n\t\t\t\t\t\t\t<div class=\"elementor-background-overlay\"><\/div>\n\t\t\t\t\t\t\t<div class=\"elementor-container elementor-column-gap-default\">\n\t\t\t\t\t<div class=\"elementor-column elementor-col-100 elementor-top-column elementor-element elementor-element-be9a028\" data-id=\"be9a028\" data-element_type=\"column\">\n\t\t\t<div class=\"elementor-widget-wrap elementor-element-populated\">\n\t\t\t\t\t\t<div class=\"elementor-element elementor-element-fbf68e1 elementor-widget elementor-widget-text-editor\" data-id=\"fbf68e1\" data-element_type=\"widget\" data-widget_type=\"text-editor.default\">\n\t\t\t\t<div class=\"elementor-widget-container\">\n\t\t\t\t\t\t\t\t\t<p>Contact our design office to support your projects :<\/p>\t\t\t\t\t\t\t\t<\/div>\n\t\t\t\t<\/div>\n\t\t\t\t<div class=\"elementor-element elementor-element-69749e8 elementor-view-framed elementor-shape-square elementor-widget elementor-widget-icon\" data-id=\"69749e8\" data-element_type=\"widget\" data-widget_type=\"icon.default\">\n\t\t\t\t<div class=\"elementor-widget-container\">\n\t\t\t\t\t\t\t<div class=\"elementor-icon-wrapper\">\n\t\t\t<a class=\"elementor-icon\" href=\"http:\/\/tellus-ing.com\/contact\/\">\n\t\t\t\t\t\t\t<i class=\"fa fa-pencil-square-o\" aria-hidden=\"true\"><\/i>\n\t\t\t\t\t\t<\/a>\n\t\t<\/div>\n\t\t\t\t\t\t<\/div>\n\t\t\t\t<\/div>\n\t\t\t\t\t<\/div>\n\t\t<\/div>\n\t\t\t\t\t<\/div>\n\t\t<\/section>\n\t\t\t\t<section class=\"elementor-section elementor-top-section elementor-element elementor-element-f3d4bff elementor-section-boxed elementor-section-height-default elementor-section-height-default\" data-id=\"f3d4bff\" data-element_type=\"section\" data-settings=\"{&quot;_ha_eqh_enable&quot;:false}\">\n\t\t\t\t\t\t<div class=\"elementor-container elementor-column-gap-default\">\n\t\t\t\t\t<div class=\"elementor-column elementor-col-100 elementor-top-column elementor-element elementor-element-5b5f4ee\" data-id=\"5b5f4ee\" data-element_type=\"column\">\n\t\t\t<div class=\"elementor-widget-wrap elementor-element-populated\">\n\t\t\t\t\t\t<div class=\"elementor-element elementor-element-7e379d8 elementor-widget elementor-widget-spacer\" data-id=\"7e379d8\" data-element_type=\"widget\" data-widget_type=\"spacer.default\">\n\t\t\t\t<div class=\"elementor-widget-container\">\n\t\t\t\t\t\t\t<div class=\"elementor-spacer\">\n\t\t\t<div class=\"elementor-spacer-inner\"><\/div>\n\t\t<\/div>\n\t\t\t\t\t\t<\/div>\n\t\t\t\t<\/div>\n\t\t\t\t\t<\/div>\n\t\t<\/div>\n\t\t\t\t\t<\/div>\n\t\t<\/section>\n\t\t\t\t<\/div>","protected":false},"excerpt":{"rendered":"<p>Notre bureau d&rsquo;\u00e9tude Notre bureau d\u2019\u00e9tude, un accompagnement dans la conception de votre projet&#8230; Notre savoir-faire h\u00e9rit\u00e9 d\u2019une tr\u00e8s longue exp\u00e9rience dans la conception de pi\u00e8ces de forme, notamment avec le syst\u00e8me DRILOK, nous permet de vous proposer une aide dans la conception de votre projet. De plus, nous sommes en mesure de nous d\u00e9placer&hellip;&nbsp;<a href=\"https:\/\/tellus-ceram.com\/en\/bureau-detude\/\" rel=\"bookmark\">Read More &raquo;<span class=\"screen-reader-text\">Design department<\/span><\/a><\/p>","protected":false},"author":1,"featured_media":0,"parent":0,"menu_order":0,"comment_status":"closed","ping_status":"closed","template":"page-templates\/template-pagebuilder-full-width.php","meta":{"sfsi_plus_gutenberg_text_before_share":"","sfsi_plus_gutenberg_show_text_before_share":"","sfsi_plus_gutenberg_icon_type":"","sfsi_plus_gutenberg_icon_alignemt":"","sfsi_plus_gutenburg_max_per_row":"","neve_meta_sidebar":"","neve_meta_container":"","neve_meta_enable_content_width":"","neve_meta_content_width":70,"neve_meta_title_alignment":"","neve_meta_author_avatar":"","neve_post_elements_order":"","neve_meta_disable_header":"","neve_meta_disable_footer":"","neve_meta_disable_title":"","footnotes":""},"class_list":["post-1368","page","type-page","status-publish","hentry"],"yoast_head":"<!-- This site is optimized with the Yoast SEO plugin v26.8 - https:\/\/yoast.com\/product\/yoast-seo-wordpress\/ -->\n<title>Bureau d&#039;\u00e9tude - Tellus Ceram<\/title>\n<meta name=\"description\" content=\"Notre savoir-faire, provenant d\u2019une tr\u00e8s longue exp\u00e9rience, nous permet de vous proposer une aide dans la conception de votre projet.\" \/>\n<meta name=\"robots\" content=\"index, follow, max-snippet:-1, max-image-preview:large, max-video-preview:-1\" \/>\n<link rel=\"canonical\" href=\"https:\/\/tellus-ceram.com\/en\/bureau-detude\/\" \/>\n<meta property=\"og:locale\" content=\"en_GB\" \/>\n<meta property=\"og:type\" content=\"article\" \/>\n<meta property=\"og:title\" content=\"Bureau d&#039;\u00e9tude - Tellus Ceram\" \/>\n<meta property=\"og:description\" content=\"Notre savoir-faire, provenant d\u2019une tr\u00e8s longue exp\u00e9rience, nous permet de vous proposer une aide dans la conception de votre projet.\" \/>\n<meta property=\"og:url\" content=\"https:\/\/tellus-ceram.com\/en\/bureau-detude\/\" \/>\n<meta property=\"og:site_name\" content=\"Tellus Ceram\" \/>\n<meta property=\"article:modified_time\" content=\"2024-04-22T09:11:08+00:00\" \/>\n<meta property=\"og:image\" content=\"https:\/\/editionslettresperdues.fr\/wp-content\/uploads\/elementor\/thumbs\/Tellus-Ceram-1-o69ic706mmecvri9l06rkht44jw8qmhdld8u2te48y.jpg\" \/>\n<meta name=\"twitter:card\" content=\"summary_large_image\" \/>\n<meta name=\"twitter:label1\" content=\"Estimated reading time\" \/>\n\t<meta name=\"twitter:data1\" content=\"2 minutes\" \/>\n<script type=\"application\/ld+json\" class=\"yoast-schema-graph\">{\"@context\":\"https:\/\/schema.org\",\"@graph\":[{\"@type\":\"WebPage\",\"@id\":\"https:\/\/tellus-ceram.com\/bureau-detude\/\",\"url\":\"https:\/\/tellus-ceram.com\/bureau-detude\/\",\"name\":\"Bureau d'\u00e9tude - Tellus Ceram\",\"isPartOf\":{\"@id\":\"https:\/\/tellus-ceram.com\/#website\"},\"primaryImageOfPage\":{\"@id\":\"https:\/\/tellus-ceram.com\/bureau-detude\/#primaryimage\"},\"image\":{\"@id\":\"https:\/\/tellus-ceram.com\/bureau-detude\/#primaryimage\"},\"thumbnailUrl\":\"https:\/\/editionslettresperdues.fr\/wp-content\/uploads\/elementor\/thumbs\/Tellus-Ceram-1-o69ic706mmecvri9l06rkht44jw8qmhdld8u2te48y.jpg\",\"datePublished\":\"2019-04-10T14:02:22+00:00\",\"dateModified\":\"2024-04-22T09:11:08+00:00\",\"description\":\"Notre savoir-faire, provenant d\u2019une tr\u00e8s longue exp\u00e9rience, nous permet de vous proposer une aide dans la conception de votre projet.\",\"breadcrumb\":{\"@id\":\"https:\/\/tellus-ceram.com\/bureau-detude\/#breadcrumb\"},\"inLanguage\":\"en-GB\",\"potentialAction\":[{\"@type\":\"ReadAction\",\"target\":[\"https:\/\/tellus-ceram.com\/bureau-detude\/\"]}]},{\"@type\":\"ImageObject\",\"inLanguage\":\"en-GB\",\"@id\":\"https:\/\/tellus-ceram.com\/bureau-detude\/#primaryimage\",\"url\":\"https:\/\/editionslettresperdues.fr\/wp-content\/uploads\/elementor\/thumbs\/Tellus-Ceram-1-o69ic706mmecvri9l06rkht44jw8qmhdld8u2te48y.jpg\",\"contentUrl\":\"https:\/\/editionslettresperdues.fr\/wp-content\/uploads\/elementor\/thumbs\/Tellus-Ceram-1-o69ic706mmecvri9l06rkht44jw8qmhdld8u2te48y.jpg\"},{\"@type\":\"BreadcrumbList\",\"@id\":\"https:\/\/tellus-ceram.com\/bureau-detude\/#breadcrumb\",\"itemListElement\":[{\"@type\":\"ListItem\",\"position\":1,\"name\":\"Accueil\",\"item\":\"https:\/\/tellus-ceram.com\/\"},{\"@type\":\"ListItem\",\"position\":2,\"name\":\"Bureau d&rsquo;\u00e9tude\"}]},{\"@type\":\"WebSite\",\"@id\":\"https:\/\/tellus-ceram.com\/#website\",\"url\":\"https:\/\/tellus-ceram.com\/\",\"name\":\"Tellus Ceram\",\"description\":\"\",\"publisher\":{\"@id\":\"https:\/\/tellus-ceram.com\/#organization\"},\"potentialAction\":[{\"@type\":\"SearchAction\",\"target\":{\"@type\":\"EntryPoint\",\"urlTemplate\":\"https:\/\/tellus-ceram.com\/?s={search_term_string}\"},\"query-input\":{\"@type\":\"PropertyValueSpecification\",\"valueRequired\":true,\"valueName\":\"search_term_string\"}}],\"inLanguage\":\"en-GB\"},{\"@type\":\"Organization\",\"@id\":\"https:\/\/tellus-ceram.com\/#organization\",\"name\":\"Tellus Ceram\",\"url\":\"https:\/\/tellus-ceram.com\/\",\"logo\":{\"@type\":\"ImageObject\",\"inLanguage\":\"en-GB\",\"@id\":\"https:\/\/tellus-ceram.com\/#\/schema\/logo\/image\/\",\"url\":\"https:\/\/tellus-ceram.com\/wp-content\/uploads\/2019\/03\/cropped-LOGO-TELLUS-CERAM-1-1.png\",\"contentUrl\":\"https:\/\/tellus-ceram.com\/wp-content\/uploads\/2019\/03\/cropped-LOGO-TELLUS-CERAM-1-1.png\",\"width\":572,\"height\":268,\"caption\":\"Tellus Ceram\"},\"image\":{\"@id\":\"https:\/\/tellus-ceram.com\/#\/schema\/logo\/image\/\"}}]}<\/script>\n<!-- \/ Yoast SEO plugin. -->","yoast_head_json":{"title":"Bureau d'\u00e9tude - Tellus Ceram","description":"Notre savoir-faire, provenant d\u2019une tr\u00e8s longue exp\u00e9rience, nous permet de vous proposer une aide dans la conception de votre projet.","robots":{"index":"index","follow":"follow","max-snippet":"max-snippet:-1","max-image-preview":"max-image-preview:large","max-video-preview":"max-video-preview:-1"},"canonical":"https:\/\/tellus-ceram.com\/en\/bureau-detude\/","og_locale":"en_GB","og_type":"article","og_title":"Bureau d'\u00e9tude - Tellus Ceram","og_description":"Notre savoir-faire, provenant d\u2019une tr\u00e8s longue exp\u00e9rience, nous permet de vous proposer une aide dans la conception de votre projet.","og_url":"https:\/\/tellus-ceram.com\/en\/bureau-detude\/","og_site_name":"Tellus Ceram","article_modified_time":"2024-04-22T09:11:08+00:00","og_image":[{"url":"https:\/\/editionslettresperdues.fr\/wp-content\/uploads\/elementor\/thumbs\/Tellus-Ceram-1-o69ic706mmecvri9l06rkht44jw8qmhdld8u2te48y.jpg","type":"","width":"","height":""}],"twitter_card":"summary_large_image","twitter_misc":{"Estimated reading time":"2 minutes"},"schema":{"@context":"https:\/\/schema.org","@graph":[{"@type":"WebPage","@id":"https:\/\/tellus-ceram.com\/bureau-detude\/","url":"https:\/\/tellus-ceram.com\/bureau-detude\/","name":"Bureau d'\u00e9tude - Tellus Ceram","isPartOf":{"@id":"https:\/\/tellus-ceram.com\/#website"},"primaryImageOfPage":{"@id":"https:\/\/tellus-ceram.com\/bureau-detude\/#primaryimage"},"image":{"@id":"https:\/\/tellus-ceram.com\/bureau-detude\/#primaryimage"},"thumbnailUrl":"https:\/\/editionslettresperdues.fr\/wp-content\/uploads\/elementor\/thumbs\/Tellus-Ceram-1-o69ic706mmecvri9l06rkht44jw8qmhdld8u2te48y.jpg","datePublished":"2019-04-10T14:02:22+00:00","dateModified":"2024-04-22T09:11:08+00:00","description":"Notre savoir-faire, provenant d\u2019une tr\u00e8s longue exp\u00e9rience, nous permet de vous proposer une aide dans la conception de votre projet.","breadcrumb":{"@id":"https:\/\/tellus-ceram.com\/bureau-detude\/#breadcrumb"},"inLanguage":"en-GB","potentialAction":[{"@type":"ReadAction","target":["https:\/\/tellus-ceram.com\/bureau-detude\/"]}]},{"@type":"ImageObject","inLanguage":"en-GB","@id":"https:\/\/tellus-ceram.com\/bureau-detude\/#primaryimage","url":"https:\/\/editionslettresperdues.fr\/wp-content\/uploads\/elementor\/thumbs\/Tellus-Ceram-1-o69ic706mmecvri9l06rkht44jw8qmhdld8u2te48y.jpg","contentUrl":"https:\/\/editionslettresperdues.fr\/wp-content\/uploads\/elementor\/thumbs\/Tellus-Ceram-1-o69ic706mmecvri9l06rkht44jw8qmhdld8u2te48y.jpg"},{"@type":"BreadcrumbList","@id":"https:\/\/tellus-ceram.com\/bureau-detude\/#breadcrumb","itemListElement":[{"@type":"ListItem","position":1,"name":"Accueil","item":"https:\/\/tellus-ceram.com\/"},{"@type":"ListItem","position":2,"name":"Bureau d&rsquo;\u00e9tude"}]},{"@type":"WebSite","@id":"https:\/\/tellus-ceram.com\/#website","url":"https:\/\/tellus-ceram.com\/","name":"Tellus Ceram","description":"","publisher":{"@id":"https:\/\/tellus-ceram.com\/#organization"},"potentialAction":[{"@type":"SearchAction","target":{"@type":"EntryPoint","urlTemplate":"https:\/\/tellus-ceram.com\/?s={search_term_string}"},"query-input":{"@type":"PropertyValueSpecification","valueRequired":true,"valueName":"search_term_string"}}],"inLanguage":"en-GB"},{"@type":"Organization","@id":"https:\/\/tellus-ceram.com\/#organization","name":"Tellus Ceram","url":"https:\/\/tellus-ceram.com\/","logo":{"@type":"ImageObject","inLanguage":"en-GB","@id":"https:\/\/tellus-ceram.com\/#\/schema\/logo\/image\/","url":"https:\/\/tellus-ceram.com\/wp-content\/uploads\/2019\/03\/cropped-LOGO-TELLUS-CERAM-1-1.png","contentUrl":"https:\/\/tellus-ceram.com\/wp-content\/uploads\/2019\/03\/cropped-LOGO-TELLUS-CERAM-1-1.png","width":572,"height":268,"caption":"Tellus Ceram"},"image":{"@id":"https:\/\/tellus-ceram.com\/#\/schema\/logo\/image\/"}}]}},"_links":{"self":[{"href":"https:\/\/tellus-ceram.com\/en\/wp-json\/wp\/v2\/pages\/1368","targetHints":{"allow":["GET"]}}],"collection":[{"href":"https:\/\/tellus-ceram.com\/en\/wp-json\/wp\/v2\/pages"}],"about":[{"href":"https:\/\/tellus-ceram.com\/en\/wp-json\/wp\/v2\/types\/page"}],"author":[{"embeddable":true,"href":"https:\/\/tellus-ceram.com\/en\/wp-json\/wp\/v2\/users\/1"}],"replies":[{"embeddable":true,"href":"https:\/\/tellus-ceram.com\/en\/wp-json\/wp\/v2\/comments?post=1368"}],"version-history":[{"count":34,"href":"https:\/\/tellus-ceram.com\/en\/wp-json\/wp\/v2\/pages\/1368\/revisions"}],"predecessor-version":[{"id":2253,"href":"https:\/\/tellus-ceram.com\/en\/wp-json\/wp\/v2\/pages\/1368\/revisions\/2253"}],"wp:attachment":[{"href":"https:\/\/tellus-ceram.com\/en\/wp-json\/wp\/v2\/media?parent=1368"}],"curies":[{"name":"wp","href":"https:\/\/api.w.org\/{rel}","templated":true}]}}