{"id":705,"date":"2019-03-14T18:02:52","date_gmt":"2019-03-14T17:02:52","guid":{"rendered":"http:\/\/tellus-ing.com\/?page_id=705"},"modified":"2019-05-29T15:08:45","modified_gmt":"2019-05-29T13:08:45","slug":"ressources-tellus-ceram","status":"publish","type":"page","link":"https:\/\/tellus-ceram.com\/en\/ressources-tellus-ceram\/","title":{"rendered":"Resources"},"content":{"rendered":"<div data-elementor-type=\"wp-post\" data-elementor-id=\"705\" class=\"elementor elementor-705\" data-elementor-settings=\"{&quot;ha_cmc_init_switcher&quot;:&quot;no&quot;}\">\n\t\t\t\t\t\t<section class=\"elementor-section elementor-top-section elementor-element elementor-element-1a688da elementor-section-boxed elementor-section-height-default elementor-section-height-default\" data-id=\"1a688da\" data-element_type=\"section\" data-settings=\"{&quot;_ha_eqh_enable&quot;:false}\">\n\t\t\t\t\t\t<div class=\"elementor-container elementor-column-gap-default\">\n\t\t\t\t\t<div class=\"elementor-column elementor-col-100 elementor-top-column elementor-element elementor-element-6ca42c6\" data-id=\"6ca42c6\" data-element_type=\"column\">\n\t\t\t<div class=\"elementor-widget-wrap elementor-element-populated\">\n\t\t\t\t\t\t<div class=\"elementor-element elementor-element-680e834 elementor-widget elementor-widget-spacer\" data-id=\"680e834\" data-element_type=\"widget\" data-widget_type=\"spacer.default\">\n\t\t\t\t<div class=\"elementor-widget-container\">\n\t\t\t\t\t\t\t<div class=\"elementor-spacer\">\n\t\t\t<div class=\"elementor-spacer-inner\"><\/div>\n\t\t<\/div>\n\t\t\t\t\t\t<\/div>\n\t\t\t\t<\/div>\n\t\t\t\t<div class=\"elementor-element elementor-element-afa1d8a elementor-widget elementor-widget-heading\" data-id=\"afa1d8a\" data-element_type=\"widget\" data-widget_type=\"heading.default\">\n\t\t\t\t<div class=\"elementor-widget-container\">\n\t\t\t\t\t<h2 class=\"elementor-heading-title elementor-size-default\">Tellus Ceram resources<\/h2>\t\t\t\t<\/div>\n\t\t\t\t<\/div>\n\t\t\t\t<div class=\"elementor-element elementor-element-10af9cb elementor-widget elementor-widget-spacer\" data-id=\"10af9cb\" data-element_type=\"widget\" data-widget_type=\"spacer.default\">\n\t\t\t\t<div class=\"elementor-widget-container\">\n\t\t\t\t\t\t\t<div class=\"elementor-spacer\">\n\t\t\t<div class=\"elementor-spacer-inner\"><\/div>\n\t\t<\/div>\n\t\t\t\t\t\t<\/div>\n\t\t\t\t<\/div>\n\t\t\t\t\t<\/div>\n\t\t<\/div>\n\t\t\t\t\t<\/div>\n\t\t<\/section>\n\t\t\t\t<section class=\"elementor-section elementor-top-section elementor-element elementor-element-76f0276 elementor-section-boxed elementor-section-height-default elementor-section-height-default\" data-id=\"76f0276\" data-element_type=\"section\" data-settings=\"{&quot;_ha_eqh_enable&quot;:false}\">\n\t\t\t\t\t\t<div class=\"elementor-container elementor-column-gap-default\">\n\t\t\t\t\t<div class=\"elementor-column elementor-col-100 elementor-top-column elementor-element elementor-element-e2e1060\" data-id=\"e2e1060\" data-element_type=\"column\">\n\t\t\t<div class=\"elementor-widget-wrap elementor-element-populated\">\n\t\t\t\t\t\t<div class=\"elementor-element elementor-element-b01b988 elementor-widget elementor-widget-accordion\" data-id=\"b01b988\" data-element_type=\"widget\" data-widget_type=\"accordion.default\">\n\t\t\t\t<div class=\"elementor-widget-container\">\n\t\t\t\t\t\t\t<div class=\"elementor-accordion\">\n\t\t\t\t\t\t\t<div class=\"elementor-accordion-item\">\n\t\t\t\t\t<h3 id=\"elementor-tab-title-1841\" class=\"elementor-tab-title\" data-tab=\"1\" role=\"button\" aria-controls=\"elementor-tab-content-1841\" aria-expanded=\"false\">\n\t\t\t\t\t\t\t\t\t\t\t\t\t<span class=\"elementor-accordion-icon elementor-accordion-icon-left\" aria-hidden=\"true\">\n\t\t\t\t\t\t\t\t\t\t\t\t\t\t\t<i class=\"elementor-accordion-icon-closed fa fa-info\"><\/i>\n\t\t\t\t\t\t\t\t<i class=\"elementor-accordion-icon-opened\"><\/i>\n\t\t\t\t\t\t\t\t\t\t\t\t\t\t<\/span>\n\t\t\t\t\t\t\t\t\t\t\t\t<a class=\"elementor-accordion-title\" tabindex=\"0\">The brochure<\/a>\n\t\t\t\t\t<\/h3>\n\t\t\t\t\t<div id=\"elementor-tab-content-1841\" class=\"elementor-tab-content elementor-clearfix\" data-tab=\"1\" role=\"region\" aria-labelledby=\"elementor-tab-title-1841\"><p>Discover the Tellus Ceram brochure with the essential informations about the company. <a href=\"http:\/\/tellus-ing.com\/notre-brochure\/\">More...<\/a><\/p><\/div>\n\t\t\t\t<\/div>\n\t\t\t\t\t\t\t<div class=\"elementor-accordion-item\">\n\t\t\t\t\t<h3 id=\"elementor-tab-title-1842\" class=\"elementor-tab-title\" data-tab=\"2\" role=\"button\" aria-controls=\"elementor-tab-content-1842\" aria-expanded=\"false\">\n\t\t\t\t\t\t\t\t\t\t\t\t\t<span class=\"elementor-accordion-icon elementor-accordion-icon-left\" aria-hidden=\"true\">\n\t\t\t\t\t\t\t\t\t\t\t\t\t\t\t<i class=\"elementor-accordion-icon-closed fa fa-info\"><\/i>\n\t\t\t\t\t\t\t\t<i class=\"elementor-accordion-icon-opened\"><\/i>\n\t\t\t\t\t\t\t\t\t\t\t\t\t\t<\/span>\n\t\t\t\t\t\t\t\t\t\t\t\t<a class=\"elementor-accordion-title\" tabindex=\"0\">The catalog<\/a>\n\t\t\t\t\t<\/h3>\n\t\t\t\t\t<div id=\"elementor-tab-content-1842\" class=\"elementor-tab-content elementor-clearfix\" data-tab=\"2\" role=\"region\" aria-labelledby=\"elementor-tab-title-1842\"><\/div>\n\t\t\t\t<\/div>\n\t\t\t\t\t\t\t<div class=\"elementor-accordion-item\">\n\t\t\t\t\t<h3 id=\"elementor-tab-title-1843\" class=\"elementor-tab-title\" data-tab=\"3\" role=\"button\" aria-controls=\"elementor-tab-content-1843\" aria-expanded=\"false\">\n\t\t\t\t\t\t\t\t\t\t\t\t\t<span class=\"elementor-accordion-icon elementor-accordion-icon-left\" aria-hidden=\"true\">\n\t\t\t\t\t\t\t\t\t\t\t\t\t\t\t<i class=\"elementor-accordion-icon-closed fa fa-info\"><\/i>\n\t\t\t\t\t\t\t\t<i class=\"elementor-accordion-icon-opened\"><\/i>\n\t\t\t\t\t\t\t\t\t\t\t\t\t\t<\/span>\n\t\t\t\t\t\t\t\t\t\t\t\t<a class=\"elementor-accordion-title\" tabindex=\"0\">The product sheets<\/a>\n\t\t\t\t\t<\/h3>\n\t\t\t\t\t<div id=\"elementor-tab-content-1843\" class=\"elementor-tab-content elementor-clearfix\" data-tab=\"3\" role=\"region\" aria-labelledby=\"elementor-tab-title-1843\"><\/div>\n\t\t\t\t<\/div>\n\t\t\t\t\t\t\t<div class=\"elementor-accordion-item\">\n\t\t\t\t\t<h3 id=\"elementor-tab-title-1844\" class=\"elementor-tab-title\" data-tab=\"4\" role=\"button\" aria-controls=\"elementor-tab-content-1844\" aria-expanded=\"false\">\n\t\t\t\t\t\t\t\t\t\t\t\t\t<span class=\"elementor-accordion-icon elementor-accordion-icon-left\" aria-hidden=\"true\">\n\t\t\t\t\t\t\t\t\t\t\t\t\t\t\t<i class=\"elementor-accordion-icon-closed fa fa-info\"><\/i>\n\t\t\t\t\t\t\t\t<i class=\"elementor-accordion-icon-opened\"><\/i>\n\t\t\t\t\t\t\t\t\t\t\t\t\t\t<\/span>\n\t\t\t\t\t\t\t\t\t\t\t\t<a class=\"elementor-accordion-title\" tabindex=\"0\"> Advices for the implementation of castables<\/a>\n\t\t\t\t\t<\/h3>\n\t\t\t\t\t<div id=\"elementor-tab-content-1844\" class=\"elementor-tab-content elementor-clearfix\" data-tab=\"4\" role=\"region\" aria-labelledby=\"elementor-tab-title-1844\"><p>Discover our advices for the implementation of dense refractory concretes by casting \/ vibration.<a href=\"https:\/\/editionslettresperdues.fr\/mise-en-oeuvre-beton\/\"> More...<\/a><\/p><\/div>\n\t\t\t\t<\/div>\n\t\t\t\t\t\t\t<div class=\"elementor-accordion-item\">\n\t\t\t\t\t<h3 id=\"elementor-tab-title-1845\" class=\"elementor-tab-title\" data-tab=\"5\" role=\"button\" aria-controls=\"elementor-tab-content-1845\" aria-expanded=\"false\">\n\t\t\t\t\t\t\t\t\t\t\t\t\t<span class=\"elementor-accordion-icon elementor-accordion-icon-left\" aria-hidden=\"true\">\n\t\t\t\t\t\t\t\t\t\t\t\t\t\t\t<i class=\"elementor-accordion-icon-closed fa fa-info\"><\/i>\n\t\t\t\t\t\t\t\t<i class=\"elementor-accordion-icon-opened\"><\/i>\n\t\t\t\t\t\t\t\t\t\t\t\t\t\t<\/span>\n\t\t\t\t\t\t\t\t\t\t\t\t<a class=\"elementor-accordion-title\" tabindex=\"0\"> Advice sheet : Cement Storage instruction<\/a>\n\t\t\t\t\t<\/h3>\n\t\t\t\t\t<div id=\"elementor-tab-content-1845\" class=\"elementor-tab-content elementor-clearfix\" data-tab=\"5\" role=\"region\" aria-labelledby=\"elementor-tab-title-1845\"><p>Discover our storage instructions for Tellus Ceram refractory cement. <a href=\"https:\/\/editionslettresperdues.fr\/fiches-conseils\/\">More...<\/a><\/p><\/div>\n\t\t\t\t<\/div>\n\t\t\t\t\t\t\t\t<\/div>\n\t\t\t\t\t\t<\/div>\n\t\t\t\t<\/div>\n\t\t\t\t<div class=\"elementor-element elementor-element-e2c3919 elementor-widget elementor-widget-spacer\" data-id=\"e2c3919\" data-element_type=\"widget\" data-widget_type=\"spacer.default\">\n\t\t\t\t<div class=\"elementor-widget-container\">\n\t\t\t\t\t\t\t<div class=\"elementor-spacer\">\n\t\t\t<div class=\"elementor-spacer-inner\"><\/div>\n\t\t<\/div>\n\t\t\t\t\t\t<\/div>\n\t\t\t\t<\/div>\n\t\t\t\t\t<\/div>\n\t\t<\/div>\n\t\t\t\t\t<\/div>\n\t\t<\/section>\n\t\t\t\t<section class=\"elementor-section elementor-top-section elementor-element elementor-element-e096f08 elementor-section-boxed elementor-section-height-default elementor-section-height-default\" data-id=\"e096f08\" data-element_type=\"section\" data-settings=\"{&quot;background_background&quot;:&quot;classic&quot;,&quot;_ha_eqh_enable&quot;:false}\">\n\t\t\t\t\t\t\t<div class=\"elementor-background-overlay\"><\/div>\n\t\t\t\t\t\t\t<div class=\"elementor-container elementor-column-gap-default\">\n\t\t\t\t\t<div class=\"elementor-column elementor-col-100 elementor-top-column elementor-element elementor-element-5e1ec1b\" data-id=\"5e1ec1b\" data-element_type=\"column\">\n\t\t\t<div class=\"elementor-widget-wrap elementor-element-populated\">\n\t\t\t\t\t\t<div class=\"elementor-element elementor-element-b75bf32 elementor-view-framed elementor-shape-square elementor-widget elementor-widget-icon\" data-id=\"b75bf32\" data-element_type=\"widget\" data-widget_type=\"icon.default\">\n\t\t\t\t<div class=\"elementor-widget-container\">\n\t\t\t\t\t\t\t<div class=\"elementor-icon-wrapper\">\n\t\t\t<a class=\"elementor-icon\" href=\"http:\/\/tellus-ing.com\/notre-brochure\/\">\n\t\t\t\t\t\t\t<i class=\"fa fa-briefcase\" aria-hidden=\"true\"><\/i>\n\t\t\t\t\t\t<\/a>\n\t\t<\/div>\n\t\t\t\t\t\t<\/div>\n\t\t\t\t<\/div>\n\t\t\t\t\t<\/div>\n\t\t<\/div>\n\t\t\t\t\t<\/div>\n\t\t<\/section>\n\t\t\t\t<section class=\"elementor-section elementor-top-section elementor-element elementor-element-12549f5 elementor-section-boxed elementor-section-height-default elementor-section-height-default\" data-id=\"12549f5\" data-element_type=\"section\" data-settings=\"{&quot;_ha_eqh_enable&quot;:false}\">\n\t\t\t\t\t\t<div class=\"elementor-container elementor-column-gap-default\">\n\t\t\t\t\t<div class=\"elementor-column elementor-col-100 elementor-top-column elementor-element elementor-element-3e28b43\" data-id=\"3e28b43\" data-element_type=\"column\">\n\t\t\t<div class=\"elementor-widget-wrap elementor-element-populated\">\n\t\t\t\t\t\t<div class=\"elementor-element elementor-element-d0e6e29 elementor-widget elementor-widget-spacer\" data-id=\"d0e6e29\" data-element_type=\"widget\" data-widget_type=\"spacer.default\">\n\t\t\t\t<div class=\"elementor-widget-container\">\n\t\t\t\t\t\t\t<div class=\"elementor-spacer\">\n\t\t\t<div class=\"elementor-spacer-inner\"><\/div>\n\t\t<\/div>\n\t\t\t\t\t\t<\/div>\n\t\t\t\t<\/div>\n\t\t\t\t\t<\/div>\n\t\t<\/div>\n\t\t\t\t\t<\/div>\n\t\t<\/section>\n\t\t\t\t<\/div>","protected":false},"excerpt":{"rendered":"<p>L&rsquo;ensemble des ressources tellus ceram La brochure D\u00e9couvrez la brochure de Tellus Ceram dans laquelle vous retrouverez les informations essentielles sur l&#8217;entreprise. En savoir plus&#8230; Le catalogue Les fiches produits Conseils pour la mise en \u0153uvre du b\u00e9ton Retrouvez nos conseils pour la mise en \u0153uvre des b\u00e9tons r\u00e9fractaires denses par coulage \/ vibration. En&hellip;&nbsp;<a href=\"https:\/\/tellus-ceram.com\/en\/ressources-tellus-ceram\/\" rel=\"bookmark\">Read More &raquo;<span class=\"screen-reader-text\">Resources<\/span><\/a><\/p>","protected":false},"author":1,"featured_media":0,"parent":0,"menu_order":0,"comment_status":"closed","ping_status":"closed","template":"page-templates\/template-pagebuilder-full-width.php","meta":{"sfsi_plus_gutenberg_text_before_share":"","sfsi_plus_gutenberg_show_text_before_share":"","sfsi_plus_gutenberg_icon_type":"","sfsi_plus_gutenberg_icon_alignemt":"","sfsi_plus_gutenburg_max_per_row":"","neve_meta_sidebar":"","neve_meta_container":"","neve_meta_enable_content_width":"","neve_meta_content_width":70,"neve_meta_title_alignment":"","neve_meta_author_avatar":"","neve_post_elements_order":"","neve_meta_disable_header":"","neve_meta_disable_footer":"","neve_meta_disable_title":"","footnotes":""},"class_list":["post-705","page","type-page","status-publish","hentry"],"yoast_head":"<!-- This site is optimized with the Yoast SEO plugin v26.8 - https:\/\/yoast.com\/product\/yoast-seo-wordpress\/ -->\n<title>Ressources - Tellus Ceram<\/title>\n<meta name=\"description\" content=\"Retrouvez toutes les ressources disponibles dont vous avez besoin afin d&#039;en savoir davantage sur l&#039;entreprise Tellus Ceram (catalogue, fiches produits, ...).\" \/>\n<meta name=\"robots\" content=\"index, follow, max-snippet:-1, max-image-preview:large, max-video-preview:-1\" \/>\n<link rel=\"canonical\" href=\"https:\/\/tellus-ceram.com\/en\/ressources-tellus-ceram\/\" \/>\n<meta property=\"og:locale\" content=\"en_GB\" \/>\n<meta property=\"og:type\" content=\"article\" \/>\n<meta property=\"og:title\" content=\"Ressources - Tellus Ceram\" \/>\n<meta property=\"og:description\" content=\"Retrouvez toutes les ressources disponibles dont vous avez besoin afin d&#039;en savoir davantage sur l&#039;entreprise Tellus Ceram (catalogue, fiches produits, ...).\" \/>\n<meta property=\"og:url\" content=\"https:\/\/tellus-ceram.com\/en\/ressources-tellus-ceram\/\" \/>\n<meta property=\"og:site_name\" content=\"Tellus Ceram\" \/>\n<meta property=\"article:modified_time\" content=\"2019-05-29T13:08:45+00:00\" \/>\n<meta name=\"twitter:card\" content=\"summary_large_image\" \/>\n<script type=\"application\/ld+json\" class=\"yoast-schema-graph\">{\"@context\":\"https:\/\/schema.org\",\"@graph\":[{\"@type\":\"WebPage\",\"@id\":\"https:\/\/tellus-ceram.com\/en\/ressources-tellus-ceram\/\",\"url\":\"https:\/\/tellus-ceram.com\/en\/ressources-tellus-ceram\/\",\"name\":\"Ressources - Tellus Ceram\",\"isPartOf\":{\"@id\":\"https:\/\/tellus-ceram.com\/#website\"},\"datePublished\":\"2019-03-14T17:02:52+00:00\",\"dateModified\":\"2019-05-29T13:08:45+00:00\",\"description\":\"Retrouvez toutes les ressources disponibles dont vous avez besoin afin d'en savoir davantage sur l'entreprise Tellus Ceram (catalogue, fiches produits, ...).\",\"breadcrumb\":{\"@id\":\"https:\/\/tellus-ceram.com\/en\/ressources-tellus-ceram\/#breadcrumb\"},\"inLanguage\":\"en-GB\",\"potentialAction\":[{\"@type\":\"ReadAction\",\"target\":[\"https:\/\/tellus-ceram.com\/en\/ressources-tellus-ceram\/\"]}]},{\"@type\":\"BreadcrumbList\",\"@id\":\"https:\/\/tellus-ceram.com\/en\/ressources-tellus-ceram\/#breadcrumb\",\"itemListElement\":[{\"@type\":\"ListItem\",\"position\":1,\"name\":\"Accueil\",\"item\":\"https:\/\/tellus-ceram.com\/\"},{\"@type\":\"ListItem\",\"position\":2,\"name\":\"Ressources\"}]},{\"@type\":\"WebSite\",\"@id\":\"https:\/\/tellus-ceram.com\/#website\",\"url\":\"https:\/\/tellus-ceram.com\/\",\"name\":\"Tellus Ceram\",\"description\":\"\",\"publisher\":{\"@id\":\"https:\/\/tellus-ceram.com\/#organization\"},\"potentialAction\":[{\"@type\":\"SearchAction\",\"target\":{\"@type\":\"EntryPoint\",\"urlTemplate\":\"https:\/\/tellus-ceram.com\/?s={search_term_string}\"},\"query-input\":{\"@type\":\"PropertyValueSpecification\",\"valueRequired\":true,\"valueName\":\"search_term_string\"}}],\"inLanguage\":\"en-GB\"},{\"@type\":\"Organization\",\"@id\":\"https:\/\/tellus-ceram.com\/#organization\",\"name\":\"Tellus Ceram\",\"url\":\"https:\/\/tellus-ceram.com\/\",\"logo\":{\"@type\":\"ImageObject\",\"inLanguage\":\"en-GB\",\"@id\":\"https:\/\/tellus-ceram.com\/#\/schema\/logo\/image\/\",\"url\":\"https:\/\/tellus-ceram.com\/wp-content\/uploads\/2019\/03\/cropped-LOGO-TELLUS-CERAM-1-1.png\",\"contentUrl\":\"https:\/\/tellus-ceram.com\/wp-content\/uploads\/2019\/03\/cropped-LOGO-TELLUS-CERAM-1-1.png\",\"width\":572,\"height\":268,\"caption\":\"Tellus Ceram\"},\"image\":{\"@id\":\"https:\/\/tellus-ceram.com\/#\/schema\/logo\/image\/\"}}]}<\/script>\n<!-- \/ Yoast SEO plugin. -->","yoast_head_json":{"title":"Ressources - Tellus Ceram","description":"Retrouvez toutes les ressources disponibles dont vous avez besoin afin d'en savoir davantage sur l'entreprise Tellus Ceram (catalogue, fiches produits, ...).","robots":{"index":"index","follow":"follow","max-snippet":"max-snippet:-1","max-image-preview":"max-image-preview:large","max-video-preview":"max-video-preview:-1"},"canonical":"https:\/\/tellus-ceram.com\/en\/ressources-tellus-ceram\/","og_locale":"en_GB","og_type":"article","og_title":"Ressources - Tellus Ceram","og_description":"Retrouvez toutes les ressources disponibles dont vous avez besoin afin d'en savoir davantage sur l'entreprise Tellus Ceram (catalogue, fiches produits, ...).","og_url":"https:\/\/tellus-ceram.com\/en\/ressources-tellus-ceram\/","og_site_name":"Tellus Ceram","article_modified_time":"2019-05-29T13:08:45+00:00","twitter_card":"summary_large_image","schema":{"@context":"https:\/\/schema.org","@graph":[{"@type":"WebPage","@id":"https:\/\/tellus-ceram.com\/en\/ressources-tellus-ceram\/","url":"https:\/\/tellus-ceram.com\/en\/ressources-tellus-ceram\/","name":"Ressources - Tellus Ceram","isPartOf":{"@id":"https:\/\/tellus-ceram.com\/#website"},"datePublished":"2019-03-14T17:02:52+00:00","dateModified":"2019-05-29T13:08:45+00:00","description":"Retrouvez toutes les ressources disponibles dont vous avez besoin afin d'en savoir davantage sur l'entreprise Tellus Ceram (catalogue, fiches produits, ...).","breadcrumb":{"@id":"https:\/\/tellus-ceram.com\/en\/ressources-tellus-ceram\/#breadcrumb"},"inLanguage":"en-GB","potentialAction":[{"@type":"ReadAction","target":["https:\/\/tellus-ceram.com\/en\/ressources-tellus-ceram\/"]}]},{"@type":"BreadcrumbList","@id":"https:\/\/tellus-ceram.com\/en\/ressources-tellus-ceram\/#breadcrumb","itemListElement":[{"@type":"ListItem","position":1,"name":"Accueil","item":"https:\/\/tellus-ceram.com\/"},{"@type":"ListItem","position":2,"name":"Ressources"}]},{"@type":"WebSite","@id":"https:\/\/tellus-ceram.com\/#website","url":"https:\/\/tellus-ceram.com\/","name":"Tellus Ceram","description":"","publisher":{"@id":"https:\/\/tellus-ceram.com\/#organization"},"potentialAction":[{"@type":"SearchAction","target":{"@type":"EntryPoint","urlTemplate":"https:\/\/tellus-ceram.com\/?s={search_term_string}"},"query-input":{"@type":"PropertyValueSpecification","valueRequired":true,"valueName":"search_term_string"}}],"inLanguage":"en-GB"},{"@type":"Organization","@id":"https:\/\/tellus-ceram.com\/#organization","name":"Tellus Ceram","url":"https:\/\/tellus-ceram.com\/","logo":{"@type":"ImageObject","inLanguage":"en-GB","@id":"https:\/\/tellus-ceram.com\/#\/schema\/logo\/image\/","url":"https:\/\/tellus-ceram.com\/wp-content\/uploads\/2019\/03\/cropped-LOGO-TELLUS-CERAM-1-1.png","contentUrl":"https:\/\/tellus-ceram.com\/wp-content\/uploads\/2019\/03\/cropped-LOGO-TELLUS-CERAM-1-1.png","width":572,"height":268,"caption":"Tellus Ceram"},"image":{"@id":"https:\/\/tellus-ceram.com\/#\/schema\/logo\/image\/"}}]}},"_links":{"self":[{"href":"https:\/\/tellus-ceram.com\/en\/wp-json\/wp\/v2\/pages\/705","targetHints":{"allow":["GET"]}}],"collection":[{"href":"https:\/\/tellus-ceram.com\/en\/wp-json\/wp\/v2\/pages"}],"about":[{"href":"https:\/\/tellus-ceram.com\/en\/wp-json\/wp\/v2\/types\/page"}],"author":[{"embeddable":true,"href":"https:\/\/tellus-ceram.com\/en\/wp-json\/wp\/v2\/users\/1"}],"replies":[{"embeddable":true,"href":"https:\/\/tellus-ceram.com\/en\/wp-json\/wp\/v2\/comments?post=705"}],"version-history":[{"count":10,"href":"https:\/\/tellus-ceram.com\/en\/wp-json\/wp\/v2\/pages\/705\/revisions"}],"predecessor-version":[{"id":1675,"href":"https:\/\/tellus-ceram.com\/en\/wp-json\/wp\/v2\/pages\/705\/revisions\/1675"}],"wp:attachment":[{"href":"https:\/\/tellus-ceram.com\/en\/wp-json\/wp\/v2\/media?parent=705"}],"curies":[{"name":"wp","href":"https:\/\/api.w.org\/{rel}","templated":true}]}}