{"id":728,"date":"2019-03-14T18:53:28","date_gmt":"2019-03-14T17:53:28","guid":{"rendered":"http:\/\/tellus-ing.com\/?page_id=728"},"modified":"2019-04-10T17:09:38","modified_gmt":"2019-04-10T15:09:38","slug":"pieces-de-forme","status":"publish","type":"page","link":"https:\/\/tellus-ceram.com\/en\/pieces-de-forme\/","title":{"rendered":"Precast shapes"},"content":{"rendered":"<div data-elementor-type=\"wp-post\" data-elementor-id=\"728\" class=\"elementor elementor-728\" data-elementor-settings=\"{&quot;ha_cmc_init_switcher&quot;:&quot;no&quot;}\">\n\t\t\t\t\t\t<section class=\"elementor-section elementor-top-section elementor-element elementor-element-83bc006 elementor-section-boxed elementor-section-height-default elementor-section-height-default\" data-id=\"83bc006\" data-element_type=\"section\" data-settings=\"{&quot;_ha_eqh_enable&quot;:false}\">\n\t\t\t\t\t\t<div class=\"elementor-container elementor-column-gap-default\">\n\t\t\t\t\t<div class=\"elementor-column elementor-col-100 elementor-top-column elementor-element elementor-element-bf4ce7c\" data-id=\"bf4ce7c\" data-element_type=\"column\">\n\t\t\t<div class=\"elementor-widget-wrap elementor-element-populated\">\n\t\t\t\t\t\t<div class=\"elementor-element elementor-element-8a5e46f elementor-widget elementor-widget-text-editor\" data-id=\"8a5e46f\" data-element_type=\"widget\" data-widget_type=\"text-editor.default\">\n\t\t\t\t<div class=\"elementor-widget-container\">\n\t\t\t\t\t\t\t\t\t<p><\/p>\n<p class=\"translation-block\">Major activity of our company, Tellus Ceram may provide you with <strong>all the kind of precast shapes thanks to its technical equipments and centenary experience<\/strong>.<\/p>\n<p class=\"translation-block\">Our skill and \ufb02exibility in our manufacturing process enable us to manufacture <strong>very varied pieces of small or big sizes, from the individually piece to the mass production, in dense or insulating refractory.<\/strong><\/p>\n<p>The biggest dif\ufb01culty to manufacture precast shapes is linked to the containment of the dimensional variations during the firing.<\/p>\n<p>\u2022 When they are constant, we manufacture the precast shapes directly by pressing and adapting the tool equipment.<\/p>\n<p>\u2022 When they are sophisticated, we make different machinating from sketches : surface \ufb01nishing, sawing, drilling, grooving, mortislng, spotfacing, milling, turning.<\/p>\n<p><a href=\"http:\/\/tellus-ing.com\/bureau-detude\/\" target=\"_blank\" rel=\"noopener\">TELLUS-CERAM has an design department for the realization of the plans of your project.<\/p><\/a>\n<p><\/p>\t\t\t\t\t\t\t\t<\/div>\n\t\t\t\t<\/div>\n\t\t\t\t<div class=\"elementor-element elementor-element-a83f618 elementor-widget elementor-widget-spacer\" data-id=\"a83f618\" data-element_type=\"widget\" data-widget_type=\"spacer.default\">\n\t\t\t\t<div class=\"elementor-widget-container\">\n\t\t\t\t\t\t\t<div class=\"elementor-spacer\">\n\t\t\t<div class=\"elementor-spacer-inner\"><\/div>\n\t\t<\/div>\n\t\t\t\t\t\t<\/div>\n\t\t\t\t<\/div>\n\t\t\t\t<div class=\"elementor-element elementor-element-08999b8 elementor-arrows-position-inside elementor-widget elementor-widget-image-carousel\" data-id=\"08999b8\" data-element_type=\"widget\" data-settings=\"{&quot;slides_to_show&quot;:&quot;1&quot;,&quot;navigation&quot;:&quot;arrows&quot;,&quot;autoplay_speed&quot;:2000,&quot;autoplay&quot;:&quot;yes&quot;,&quot;pause_on_hover&quot;:&quot;yes&quot;,&quot;pause_on_interaction&quot;:&quot;yes&quot;,&quot;infinite&quot;:&quot;yes&quot;,&quot;effect&quot;:&quot;slide&quot;,&quot;speed&quot;:500}\" data-widget_type=\"image-carousel.default\">\n\t\t\t\t<div class=\"elementor-widget-container\">\n\t\t\t\t\t\t\t<div class=\"elementor-image-carousel-wrapper swiper\" role=\"region\" aria-roledescription=\"carousel\" aria-label=\"Image Carousel\" dir=\"ltr\" data-no-translation-aria-label=\"\">\n\t\t\t<div class=\"elementor-image-carousel swiper-wrapper\" aria-live=\"off\">\n\t\t\t\t\t\t\t\t<div class=\"swiper-slide\" role=\"group\" aria-roledescription=\"slide\" aria-label=\"1 of 8\" data-no-translation-aria-label=\"\"><figure class=\"swiper-slide-inner\"><img decoding=\"async\" class=\"swiper-slide-image\" src=\"https:\/\/tellus-ceram.com\/wp-content\/uploads\/elementor\/thumbs\/Tellus-Ceram-Produits-33-o529v55s7fdj5sn28ws2mqn101o88g5irii2us5lvc.jpg\" alt=\"Les pi\u00e8ces de forme\" \/><\/figure><\/div><div class=\"swiper-slide\" role=\"group\" aria-roledescription=\"slide\" aria-label=\"2 of 8\" data-no-translation-aria-label=\"\"><figure class=\"swiper-slide-inner\"><img decoding=\"async\" class=\"swiper-slide-image\" src=\"https:\/\/tellus-ceram.com\/wp-content\/uploads\/elementor\/thumbs\/Tellus-Ceram-Produits-32-o529vz8ma4iphbfdd9s4uj1s0djz2rgxjndm7mx0c8.jpg\" alt=\"Les pi\u00e8ces de forme 8\" \/><\/figure><\/div><div class=\"swiper-slide\" role=\"group\" aria-roledescription=\"slide\" aria-label=\"3 of 8\" data-no-translation-aria-label=\"\"><figure class=\"swiper-slide-inner\"><img decoding=\"async\" class=\"swiper-slide-image\" src=\"https:\/\/tellus-ceram.com\/wp-content\/uploads\/elementor\/thumbs\/Tellus-Ceram-Produits-29-o4ticr72yulkijbz96nmizmj8ppymo52gpot3pcmig.jpg\" alt=\"Les pi\u00e8ces de forme\" \/><\/figure><\/div><div class=\"swiper-slide\" role=\"group\" aria-roledescription=\"slide\" aria-label=\"4 of 8\" data-no-translation-aria-label=\"\"><figure class=\"swiper-slide-inner\"><img decoding=\"async\" class=\"swiper-slide-image\" src=\"https:\/\/tellus-ceram.com\/wp-content\/uploads\/elementor\/thumbs\/Tellus-Ceram-Produits-26-o529ub2y4q8cu9ur4js0ey89zpshe4u3zdmjhxe7eg.jpg\" alt=\"Les pi\u00e8ces de forme 1\" \/><\/figure><\/div><div class=\"swiper-slide\" role=\"group\" aria-roledescription=\"slide\" aria-label=\"5 of 8\" data-no-translation-aria-label=\"\"><figure class=\"swiper-slide-inner\"><img decoding=\"async\" class=\"swiper-slide-image\" src=\"https:\/\/tellus-ceram.com\/wp-content\/uploads\/elementor\/thumbs\/Tellus-Ceram-Produits-28-o529ugpz9qg2rxmk7m7rtwt1k10oobgi05jgdl5ud4.jpg\" alt=\"Les pi\u00e8ces de forme 2\" \/><\/figure><\/div><div class=\"swiper-slide\" role=\"group\" aria-roledescription=\"slide\" aria-label=\"6 of 8\" data-no-translation-aria-label=\"\"><figure class=\"swiper-slide-inner\"><img decoding=\"async\" class=\"swiper-slide-image\" src=\"https:\/\/tellus-ceram.com\/wp-content\/uploads\/elementor\/thumbs\/Tellus-Ceram-Produits-36-o529v1efg38dvcsiuv5kcrl6mi6rdnqlezw4xob6k8.jpg\" alt=\"Les pi\u00e8ces de forme 4\" \/><\/figure><\/div><div class=\"swiper-slide\" role=\"group\" aria-roledescription=\"slide\" aria-label=\"7 of 8\" data-no-translation-aria-label=\"\"><figure class=\"swiper-slide-inner\"><img decoding=\"async\" class=\"swiper-slide-image\" src=\"https:\/\/tellus-ceram.com\/wp-content\/uploads\/elementor\/thumbs\/Tellus-Ceram-Produits-30-o529vpu8ds5u97t0w5pv5lf62iuaxsfm6curevay2g.jpg\" alt=\"Les pi\u00e8ces de forme 6\" \/><\/figure><\/div><div class=\"swiper-slide\" role=\"group\" aria-roledescription=\"slide\" aria-label=\"8 of 8\" data-no-translation-aria-label=\"\"><figure class=\"swiper-slide-inner\"><img decoding=\"async\" class=\"swiper-slide-image\" src=\"https:\/\/tellus-ceram.com\/wp-content\/uploads\/elementor\/thumbs\/Tellus-Ceram-Produits-31-o529vvh9isdk6vktz85mkjzxmu2i7z2074roaj2l14.jpg\" alt=\"Les pi\u00e8ces de forme 7\" \/><\/figure><\/div>\t\t\t<\/div>\n\t\t\t\t\t\t\t\t\t\t\t\t<div class=\"elementor-swiper-button elementor-swiper-button-prev\" role=\"button\" tabindex=\"0\">\n\t\t\t\t\t\t<i aria-hidden=\"true\" class=\"eicon-chevron-left\"><\/i>\t\t\t\t\t<\/div>\n\t\t\t\t\t<div class=\"elementor-swiper-button elementor-swiper-button-next\" role=\"button\" tabindex=\"0\">\n\t\t\t\t\t\t<i aria-hidden=\"true\" class=\"eicon-chevron-right\"><\/i>\t\t\t\t\t<\/div>\n\t\t\t\t\n\t\t\t\t\t\t\t\t\t<\/div>\n\t\t\t\t\t\t<\/div>\n\t\t\t\t<\/div>\n\t\t\t\t<div class=\"elementor-element elementor-element-cdd3fed elementor-widget elementor-widget-spacer\" data-id=\"cdd3fed\" data-element_type=\"widget\" data-widget_type=\"spacer.default\">\n\t\t\t\t<div class=\"elementor-widget-container\">\n\t\t\t\t\t\t\t<div class=\"elementor-spacer\">\n\t\t\t<div class=\"elementor-spacer-inner\"><\/div>\n\t\t<\/div>\n\t\t\t\t\t\t<\/div>\n\t\t\t\t<\/div>\n\t\t\t\t<div class=\"elementor-element elementor-element-a537b7e elementor-align-start elementor-icon-list--layout-traditional elementor-list-item-link-full_width ha-has-bg-overlay elementor-widget elementor-widget-icon-list\" data-id=\"a537b7e\" data-element_type=\"widget\" data-widget_type=\"icon-list.default\">\n\t\t\t\t<div class=\"elementor-widget-container\">\n\t\t\t\t\t\t\t<ul class=\"elementor-icon-list-items\">\n\t\t\t\t\t\t\t<li class=\"elementor-icon-list-item\">\n\t\t\t\t\t\t\t\t\t\t\t<span class=\"elementor-icon-list-icon\">\n\t\t\t\t\t\t\t\t\t\t\t\t\t\t\t\t<i class=\"fa fa-puzzle-piece\" aria-hidden=\"true\"><\/i>\n\t\t\t\t\t\t\t\t\t\t\t\t\t<\/span>\n\t\t\t\t\t\t\t\t\t\t<span class=\"elementor-icon-list-text\">High technicity products machinated or put in shape directly in all the range of our products (insulating, dense, at high temperature 1000 to 1850\u00b0C).<\/span>\n\t\t\t\t\t\t\t\t\t<\/li>\n\t\t\t\t\t\t<\/ul>\n\t\t\t\t\t\t<\/div>\n\t\t\t\t<\/div>\n\t\t\t\t<div class=\"elementor-element elementor-element-680c49c elementor-widget elementor-widget-spacer\" data-id=\"680c49c\" data-element_type=\"widget\" data-widget_type=\"spacer.default\">\n\t\t\t\t<div class=\"elementor-widget-container\">\n\t\t\t\t\t\t\t<div class=\"elementor-spacer\">\n\t\t\t<div class=\"elementor-spacer-inner\"><\/div>\n\t\t<\/div>\n\t\t\t\t\t\t<\/div>\n\t\t\t\t<\/div>\n\t\t\t\t\t<\/div>\n\t\t<\/div>\n\t\t\t\t\t<\/div>\n\t\t<\/section>\n\t\t\t\t<\/div>","protected":false},"excerpt":{"rendered":"<p>Activit\u00e9 phare de notre entreprise, Tellus-Ceram peut vous proposer tous les types de pi\u00e8ces de forme gr\u00e2ce \u00e0 ses \u00e9quipements techniques et son exp\u00e9rience centenaire. Nos comp\u00e9tences et notre flexibilit\u00e9 dans nos proc\u00e9d\u00e9s de fabrication, nous permettent de r\u00e9aliser des pi\u00e8ces tr\u00e8s vari\u00e9es de petits ou grands formats, de la pi\u00e8ce unitaire \u00e0 la grande&hellip;&nbsp;<a href=\"https:\/\/tellus-ceram.com\/en\/pieces-de-forme\/\" rel=\"bookmark\">Read More &raquo;<span class=\"screen-reader-text\">Precast shapes<\/span><\/a><\/p>","protected":false},"author":1,"featured_media":0,"parent":0,"menu_order":0,"comment_status":"closed","ping_status":"closed","template":"","meta":{"sfsi_plus_gutenberg_text_before_share":"","sfsi_plus_gutenberg_show_text_before_share":"","sfsi_plus_gutenberg_icon_type":"","sfsi_plus_gutenberg_icon_alignemt":"","sfsi_plus_gutenburg_max_per_row":"","neve_meta_sidebar":"","neve_meta_container":"","neve_meta_enable_content_width":"","neve_meta_content_width":70,"neve_meta_title_alignment":"","neve_meta_author_avatar":"","neve_post_elements_order":"","neve_meta_disable_header":"","neve_meta_disable_footer":"","neve_meta_disable_title":"","footnotes":""},"class_list":["post-728","page","type-page","status-publish","hentry"],"yoast_head":"<!-- This site is optimized with the Yoast SEO plugin v26.8 - https:\/\/yoast.com\/product\/yoast-seo-wordpress\/ -->\n<title>Les pi\u00e8ces de forme - Tellus Ceram<\/title>\n<meta name=\"description\" content=\"Tellus Ceram peut vous proposer tous les types de pi\u00e8ces \u00e0 forme gr\u00e2ce \u00e0 ses \u00e9quipements techniques et son exp\u00e9rience centenaire.\" \/>\n<meta name=\"robots\" content=\"index, follow, max-snippet:-1, max-image-preview:large, max-video-preview:-1\" \/>\n<link rel=\"canonical\" href=\"https:\/\/tellus-ceram.com\/en\/pieces-de-forme\/\" \/>\n<meta property=\"og:locale\" content=\"en_GB\" \/>\n<meta property=\"og:type\" content=\"article\" \/>\n<meta property=\"og:title\" content=\"Les pi\u00e8ces de forme - Tellus Ceram\" \/>\n<meta property=\"og:description\" content=\"Tellus Ceram peut vous proposer tous les types de pi\u00e8ces \u00e0 forme gr\u00e2ce \u00e0 ses \u00e9quipements techniques et son exp\u00e9rience centenaire.\" \/>\n<meta property=\"og:url\" content=\"https:\/\/tellus-ceram.com\/en\/pieces-de-forme\/\" \/>\n<meta property=\"og:site_name\" content=\"Tellus Ceram\" \/>\n<meta property=\"article:modified_time\" content=\"2019-04-10T15:09:38+00:00\" \/>\n<meta property=\"og:image\" content=\"http:\/\/tellus-ing.com\/wp-content\/uploads\/elementor\/thumbs\/Tellus-Ceram-Produits-33-o529v63me9ethelp3f6p78ehlfjlg5993n5kc247pe.jpg\" \/>\n<meta name=\"twitter:card\" content=\"summary_large_image\" \/>\n<meta name=\"twitter:label1\" content=\"Estimated reading time\" \/>\n\t<meta name=\"twitter:data1\" content=\"1 minute\" \/>\n<script type=\"application\/ld+json\" class=\"yoast-schema-graph\">{\"@context\":\"https:\/\/schema.org\",\"@graph\":[{\"@type\":\"WebPage\",\"@id\":\"https:\/\/tellus-ceram.com\/pieces-de-forme\/\",\"url\":\"https:\/\/tellus-ceram.com\/pieces-de-forme\/\",\"name\":\"Les pi\u00e8ces de forme - Tellus Ceram\",\"isPartOf\":{\"@id\":\"https:\/\/tellus-ceram.com\/#website\"},\"primaryImageOfPage\":{\"@id\":\"https:\/\/tellus-ceram.com\/pieces-de-forme\/#primaryimage\"},\"image\":{\"@id\":\"https:\/\/tellus-ceram.com\/pieces-de-forme\/#primaryimage\"},\"thumbnailUrl\":\"http:\/\/tellus-ing.com\/wp-content\/uploads\/elementor\/thumbs\/Tellus-Ceram-Produits-33-o529v63me9ethelp3f6p78ehlfjlg5993n5kc247pe.jpg\",\"datePublished\":\"2019-03-14T17:53:28+00:00\",\"dateModified\":\"2019-04-10T15:09:38+00:00\",\"description\":\"Tellus Ceram peut vous proposer tous les types de pi\u00e8ces \u00e0 forme gr\u00e2ce \u00e0 ses \u00e9quipements techniques et son exp\u00e9rience centenaire.\",\"breadcrumb\":{\"@id\":\"https:\/\/tellus-ceram.com\/pieces-de-forme\/#breadcrumb\"},\"inLanguage\":\"en-GB\",\"potentialAction\":[{\"@type\":\"ReadAction\",\"target\":[\"https:\/\/tellus-ceram.com\/pieces-de-forme\/\"]}]},{\"@type\":\"ImageObject\",\"inLanguage\":\"en-GB\",\"@id\":\"https:\/\/tellus-ceram.com\/pieces-de-forme\/#primaryimage\",\"url\":\"http:\/\/tellus-ing.com\/wp-content\/uploads\/elementor\/thumbs\/Tellus-Ceram-Produits-33-o529v63me9ethelp3f6p78ehlfjlg5993n5kc247pe.jpg\",\"contentUrl\":\"http:\/\/tellus-ing.com\/wp-content\/uploads\/elementor\/thumbs\/Tellus-Ceram-Produits-33-o529v63me9ethelp3f6p78ehlfjlg5993n5kc247pe.jpg\"},{\"@type\":\"BreadcrumbList\",\"@id\":\"https:\/\/tellus-ceram.com\/pieces-de-forme\/#breadcrumb\",\"itemListElement\":[{\"@type\":\"ListItem\",\"position\":1,\"name\":\"Accueil\",\"item\":\"https:\/\/tellus-ceram.com\/\"},{\"@type\":\"ListItem\",\"position\":2,\"name\":\"Les pi\u00e8ces de forme\"}]},{\"@type\":\"WebSite\",\"@id\":\"https:\/\/tellus-ceram.com\/#website\",\"url\":\"https:\/\/tellus-ceram.com\/\",\"name\":\"Tellus Ceram\",\"description\":\"\",\"publisher\":{\"@id\":\"https:\/\/tellus-ceram.com\/#organization\"},\"potentialAction\":[{\"@type\":\"SearchAction\",\"target\":{\"@type\":\"EntryPoint\",\"urlTemplate\":\"https:\/\/tellus-ceram.com\/?s={search_term_string}\"},\"query-input\":{\"@type\":\"PropertyValueSpecification\",\"valueRequired\":true,\"valueName\":\"search_term_string\"}}],\"inLanguage\":\"en-GB\"},{\"@type\":\"Organization\",\"@id\":\"https:\/\/tellus-ceram.com\/#organization\",\"name\":\"Tellus Ceram\",\"url\":\"https:\/\/tellus-ceram.com\/\",\"logo\":{\"@type\":\"ImageObject\",\"inLanguage\":\"en-GB\",\"@id\":\"https:\/\/tellus-ceram.com\/#\/schema\/logo\/image\/\",\"url\":\"https:\/\/tellus-ceram.com\/wp-content\/uploads\/2019\/03\/cropped-LOGO-TELLUS-CERAM-1-1.png\",\"contentUrl\":\"https:\/\/tellus-ceram.com\/wp-content\/uploads\/2019\/03\/cropped-LOGO-TELLUS-CERAM-1-1.png\",\"width\":572,\"height\":268,\"caption\":\"Tellus Ceram\"},\"image\":{\"@id\":\"https:\/\/tellus-ceram.com\/#\/schema\/logo\/image\/\"}}]}<\/script>\n<!-- \/ Yoast SEO plugin. -->","yoast_head_json":{"title":"Les pi\u00e8ces de forme - Tellus Ceram","description":"Tellus Ceram peut vous proposer tous les types de pi\u00e8ces \u00e0 forme gr\u00e2ce \u00e0 ses \u00e9quipements techniques et son exp\u00e9rience centenaire.","robots":{"index":"index","follow":"follow","max-snippet":"max-snippet:-1","max-image-preview":"max-image-preview:large","max-video-preview":"max-video-preview:-1"},"canonical":"https:\/\/tellus-ceram.com\/en\/pieces-de-forme\/","og_locale":"en_GB","og_type":"article","og_title":"Les pi\u00e8ces de forme - Tellus Ceram","og_description":"Tellus Ceram peut vous proposer tous les types de pi\u00e8ces \u00e0 forme gr\u00e2ce \u00e0 ses \u00e9quipements techniques et son exp\u00e9rience centenaire.","og_url":"https:\/\/tellus-ceram.com\/en\/pieces-de-forme\/","og_site_name":"Tellus Ceram","article_modified_time":"2019-04-10T15:09:38+00:00","og_image":[{"url":"http:\/\/tellus-ing.com\/wp-content\/uploads\/elementor\/thumbs\/Tellus-Ceram-Produits-33-o529v63me9ethelp3f6p78ehlfjlg5993n5kc247pe.jpg","type":"","width":"","height":""}],"twitter_card":"summary_large_image","twitter_misc":{"Estimated reading time":"1 minute"},"schema":{"@context":"https:\/\/schema.org","@graph":[{"@type":"WebPage","@id":"https:\/\/tellus-ceram.com\/pieces-de-forme\/","url":"https:\/\/tellus-ceram.com\/pieces-de-forme\/","name":"Les pi\u00e8ces de forme - Tellus Ceram","isPartOf":{"@id":"https:\/\/tellus-ceram.com\/#website"},"primaryImageOfPage":{"@id":"https:\/\/tellus-ceram.com\/pieces-de-forme\/#primaryimage"},"image":{"@id":"https:\/\/tellus-ceram.com\/pieces-de-forme\/#primaryimage"},"thumbnailUrl":"http:\/\/tellus-ing.com\/wp-content\/uploads\/elementor\/thumbs\/Tellus-Ceram-Produits-33-o529v63me9ethelp3f6p78ehlfjlg5993n5kc247pe.jpg","datePublished":"2019-03-14T17:53:28+00:00","dateModified":"2019-04-10T15:09:38+00:00","description":"Tellus Ceram peut vous proposer tous les types de pi\u00e8ces \u00e0 forme gr\u00e2ce \u00e0 ses \u00e9quipements techniques et son exp\u00e9rience centenaire.","breadcrumb":{"@id":"https:\/\/tellus-ceram.com\/pieces-de-forme\/#breadcrumb"},"inLanguage":"en-GB","potentialAction":[{"@type":"ReadAction","target":["https:\/\/tellus-ceram.com\/pieces-de-forme\/"]}]},{"@type":"ImageObject","inLanguage":"en-GB","@id":"https:\/\/tellus-ceram.com\/pieces-de-forme\/#primaryimage","url":"http:\/\/tellus-ing.com\/wp-content\/uploads\/elementor\/thumbs\/Tellus-Ceram-Produits-33-o529v63me9ethelp3f6p78ehlfjlg5993n5kc247pe.jpg","contentUrl":"http:\/\/tellus-ing.com\/wp-content\/uploads\/elementor\/thumbs\/Tellus-Ceram-Produits-33-o529v63me9ethelp3f6p78ehlfjlg5993n5kc247pe.jpg"},{"@type":"BreadcrumbList","@id":"https:\/\/tellus-ceram.com\/pieces-de-forme\/#breadcrumb","itemListElement":[{"@type":"ListItem","position":1,"name":"Accueil","item":"https:\/\/tellus-ceram.com\/"},{"@type":"ListItem","position":2,"name":"Les pi\u00e8ces de forme"}]},{"@type":"WebSite","@id":"https:\/\/tellus-ceram.com\/#website","url":"https:\/\/tellus-ceram.com\/","name":"Tellus Ceram","description":"","publisher":{"@id":"https:\/\/tellus-ceram.com\/#organization"},"potentialAction":[{"@type":"SearchAction","target":{"@type":"EntryPoint","urlTemplate":"https:\/\/tellus-ceram.com\/?s={search_term_string}"},"query-input":{"@type":"PropertyValueSpecification","valueRequired":true,"valueName":"search_term_string"}}],"inLanguage":"en-GB"},{"@type":"Organization","@id":"https:\/\/tellus-ceram.com\/#organization","name":"Tellus Ceram","url":"https:\/\/tellus-ceram.com\/","logo":{"@type":"ImageObject","inLanguage":"en-GB","@id":"https:\/\/tellus-ceram.com\/#\/schema\/logo\/image\/","url":"https:\/\/tellus-ceram.com\/wp-content\/uploads\/2019\/03\/cropped-LOGO-TELLUS-CERAM-1-1.png","contentUrl":"https:\/\/tellus-ceram.com\/wp-content\/uploads\/2019\/03\/cropped-LOGO-TELLUS-CERAM-1-1.png","width":572,"height":268,"caption":"Tellus Ceram"},"image":{"@id":"https:\/\/tellus-ceram.com\/#\/schema\/logo\/image\/"}}]}},"_links":{"self":[{"href":"https:\/\/tellus-ceram.com\/en\/wp-json\/wp\/v2\/pages\/728","targetHints":{"allow":["GET"]}}],"collection":[{"href":"https:\/\/tellus-ceram.com\/en\/wp-json\/wp\/v2\/pages"}],"about":[{"href":"https:\/\/tellus-ceram.com\/en\/wp-json\/wp\/v2\/types\/page"}],"author":[{"embeddable":true,"href":"https:\/\/tellus-ceram.com\/en\/wp-json\/wp\/v2\/users\/1"}],"replies":[{"embeddable":true,"href":"https:\/\/tellus-ceram.com\/en\/wp-json\/wp\/v2\/comments?post=728"}],"version-history":[{"count":8,"href":"https:\/\/tellus-ceram.com\/en\/wp-json\/wp\/v2\/pages\/728\/revisions"}],"predecessor-version":[{"id":1393,"href":"https:\/\/tellus-ceram.com\/en\/wp-json\/wp\/v2\/pages\/728\/revisions\/1393"}],"wp:attachment":[{"href":"https:\/\/tellus-ceram.com\/en\/wp-json\/wp\/v2\/media?parent=728"}],"curies":[{"name":"wp","href":"https:\/\/api.w.org\/{rel}","templated":true}]}}